{"id":2,"date":"2019-11-26T21:49:30","date_gmt":"2019-11-26T21:49:30","guid":{"rendered":"http:\/\/intenselypersonal.com\/?page_id=2"},"modified":"2025-01-17T09:09:13","modified_gmt":"2025-01-17T09:09:13","slug":"individual-therapy","status":"publish","type":"page","link":"https:\/\/intenselypersonal.com\/index.php\/individual-therapy\/","title":{"rendered":"Therapy"},"content":{"rendered":"<div class=\"wp-block-image\">\n<figure class=\"aligncenter size-large is-resized\"><img loading=\"lazy\" decoding=\"async\" width=\"568\" height=\"167\" src=\"http:\/\/intenselypersonal.com\/wp-content\/uploads\/2020\/03\/image-16.png\" alt=\"\" class=\"wp-image-2681\" style=\"width:310px;height:91px\" srcset=\"https:\/\/intenselypersonal.com\/wp-content\/uploads\/2020\/03\/image-16.png 568w, https:\/\/intenselypersonal.com\/wp-content\/uploads\/2020\/03\/image-16-300x88.png 300w\" sizes=\"auto, (max-width: 568px) 100vw, 568px\" \/><\/figure>\n<\/div>\n\n\n<p class=\"has-text-align-center\">\u201cIf we can stay with the tension of<br> opposites long enough\u2014sustain it,<br>be true to it\u2014we can sometimes<br>become vessels within wherein the<br>divine opposites come together and<br>give birth to a new reality.\u201d<\/p>\n\n\n\n<p class=\"has-text-align-center\"><strong>Marie-Louise von Franz<\/strong><\/p>\n\n\n\n<p><\/p>\n\n\n\n<p class=\"has-text-align-center\">&#8230;<\/p>\n\n\n\n<p>My mission is to give confidence to others to be their selves \u2013 on purpose.<\/p>\n\n\n\n<p>Sessions evolve with the following values:<\/p>\n\n\n\n<ul class=\"wp-block-list\">\n<li><strong>Creating a nourishing therapeutic bond of respect and genuine connection.<\/strong> It is elemental that there is a trusting, nourishing relationship between therapist and client. Feeling heard, feeling seen, feeling connection. It&#8217;s elemental. <\/li>\n\n\n\n<li><strong>Confidence consistently being given to the innate wisdom of the client.<\/strong> A therapist is to support a client to make their own unique decisions. Healing comes from within, not without. Aiding a client to connect with their own decision process and facilitating the ability to trust it, to have confidence in themselves and their own unique viewpoint, is a principal aim of effective therapy.As stated in this article, you can browse your selection of available deals on smartphones and top brands and explore the <a href=\"https:\/\/www.high-endrolex.com\/\">cell phone<\/a> service plans that best suit your needs. <\/li>\n\n\n\n<li><strong>Belief by both in the process.<\/strong> If both therapist and client believe in the process, it gives opportunities for healthy outcomes. Therapy needs the creation of a safe space different to daily living and an environment that allows trust, helps the mind to relax and concentrate on what is at hand. <\/li>\n<\/ul>\n\n\n\n<p>I offer private sessions in person and on-line. Sessions are safe and held with emphasis on the \u2018therapeutic alliance\u2019 \u2013 creating confidence, trust and engaging feeling between two people. Feel the confidence of being accompanied through the intensely personal. <\/p>\n\n\n\n<p><\/p>\n\n\n\n<p>I have a BSc in Psychology (Warwick UK) and a Masters in Jungian Psychology and Psychoanalysis (Institut de Jung, Barcelona, Spain). I combine the following techniques:<\/p>\n\n\n\n<ul class=\"wp-block-list\">\n<li>Talk Therapy<\/li>\n\n\n\n<li>Active Imagination<\/li>\n\n\n\n<li>Dream Analysis<\/li>\n\n\n\n<li>EFT<\/li>\n\n\n\n<li>Yoga Nidra<\/li>\n\n\n\n<li>Writing Therapy <\/li>\n\n\n\n<li>Exploration through creativity<\/li>\n<\/ul>\n\n\n\n<p>The space is soft and playful so to delve within spaces that are presently holding you back. My aim is to support you in recognising and integrating all aspects of who you are, so to be able to draw on all your resources in creating and navigating your life. <\/p>\n\n\n\n<p><\/p>\n\n\n\n<ul class=\"wp-block-list\">\n<li>In English and Spanish. <\/li>\n\n\n\n<li>\u00a365 per session. Concessions available.<\/li>\n\n\n\n<li>For more information contact: julia.robinsong@gmail.com <\/li>\n<\/ul>\n\n\n<div class=\"wp-block-image\">\n<figure class=\"aligncenter size-large is-resized\"><img loading=\"lazy\" decoding=\"async\" width=\"1024\" height=\"696\" src=\"https:\/\/intenselypersonal.com\/wp-content\/uploads\/2020\/03\/photo-of-person-swimming-underwate-1024x696.jpg\" alt=\"\" class=\"wp-image-2862\" style=\"width:658px;height:447px\" srcset=\"https:\/\/intenselypersonal.com\/wp-content\/uploads\/2020\/03\/photo-of-person-swimming-underwate-1024x696.jpg 1024w, https:\/\/intenselypersonal.com\/wp-content\/uploads\/2020\/03\/photo-of-person-swimming-underwate-300x204.jpg 300w, https:\/\/intenselypersonal.com\/wp-content\/uploads\/2020\/03\/photo-of-person-swimming-underwate-768x522.jpg 768w, https:\/\/intenselypersonal.com\/wp-content\/uploads\/2020\/03\/photo-of-person-swimming-underwate-1536x1045.jpg 1536w, https:\/\/intenselypersonal.com\/wp-content\/uploads\/2020\/03\/photo-of-person-swimming-underwate-2048x1393.jpg 2048w, https:\/\/intenselypersonal.com\/wp-content\/uploads\/2020\/03\/photo-of-person-swimming-underwate-1600x1088.jpg 1600w\" sizes=\"auto, (max-width: 1024px) 100vw, 1024px\" \/><\/figure>\n<\/div>\n\n\n<p><\/p>\n\n\n\n<p><\/p>\n\n\n\n<h3 class=\"wp-block-heading has-text-align-center has-secondary-color has-text-color\" id=\"endorsements\">Endorsements<\/h3>\n\n\n\n<p><\/p>\n\n\n\n<p>Julia lives a creative and spiritual life. She does what she loves. She is on her path. She lives her own authentic life and isn\u2019t afraid to be herself and live the way she feels. It is really inspiring. I feel when Julia listens, she hears the words and also what\u2019s behind them. There are many things she can share about what she has lived, seen, learnt, perceived and from what she has transformed in her. <br><em>Maruta, Latvia<\/em> <\/p>\n\n\n\n<p><\/p>\n\n\n\n<p>I felt immediately comfortable with Julia the first time we talked. It felt refreshingly safe and I felt at ease almost straight away. She is transparent and open which was apparent from the start and I could sense the honesty in her words. She even made me laugh. I felt safe in the container that she and I created together so I haven\u2019t had to pretend on any level that I\u2019m something I\u2019m not. I can be curious and confused and ignorant and not feel judged. Thoughts I would never normally share flow out with Julia as if she is waiting for them. I\u2019m growing now. I hadn\u2019t been for a while. Sometimes we need a catalyst when we start to idle. Julia\u2019s been a catalyst to me.<br><em>Jason, Oklahoma<\/em> <\/p>\n\n\n\n<p><\/p>\n\n\n\n<p>Hablar de temas personales y de autoconocimiento con Julia siempre es una experiencia rica e inspiradora. Aunque ella tenga su conocimiento te\u00f3rico, fruto de sus estudios de psicolog\u00eda y otros tantos saberes humanos, lo que de verdad me encanta es su experiencia de alma, su comprensi\u00f3n natural, espiritual e instintiva de las situaciones humanas. Eso es lo que, para m\u00ed, aporta significancia e importancia a nuestras conversaciones m\u00e1s profundas. \u00a1Hay que destacar tambi\u00e9n, su bien sentido de humor! Me encanta su madurez, sus consejos y su empat\u00eda.<br><em>Larissa, Brazil.<\/em> <\/p>\n\n\n\n<p><\/p>\n\n\n\n<p>[Translation] <\/p>\n\n\n\n<p>Talking about personal issues and self-knowledge with Julia is always a unique and inspiring experience. Though she has theoretical knowledge from her studies in psychology and other sources of human knowledge, what I really love is her soul experience, her natural, spiritual and instinctive understanding of human situations. This is what, for me, brings meaning and importance to our deepest conversations. She has a great sense of humour. I love her maturity, advice and empathy.<br><em>Larissa, Brazil.<\/em> <\/p>\n\n\n\n<p>Julia was the best therapist I could ask for. She helped me immensely and I still think a lot about what we talked about during therapy and just in general.<br><em>Tonijs, Latvia<\/em><\/p>\n\n\n\n<p><\/p>\n","protected":false},"excerpt":{"rendered":"<p>\u201cIf we can stay with the tension of opposites long enough\u2014sustain it,be true to it\u2014we can sometimesbecome vessels within wherein&hellip;<\/p>\n","protected":false},"author":2,"featured_media":2596,"parent":0,"menu_order":0,"comment_status":"closed","ping_status":"open","template":"","meta":{"om_disable_all_campaigns":false,"_monsterinsights_skip_tracking":false,"_monsterinsights_sitenote_active":false,"_monsterinsights_sitenote_note":"","_monsterinsights_sitenote_category":0,"_s2mail":"yes","footnotes":""},"class_list":["post-2","page","type-page","status-publish","has-post-thumbnail","hentry"],"aioseo_notices":[],"post_mailing_queue_ids":[],"_links":{"self":[{"href":"https:\/\/intenselypersonal.com\/index.php\/wp-json\/wp\/v2\/pages\/2","targetHints":{"allow":["GET"]}}],"collection":[{"href":"https:\/\/intenselypersonal.com\/index.php\/wp-json\/wp\/v2\/pages"}],"about":[{"href":"https:\/\/intenselypersonal.com\/index.php\/wp-json\/wp\/v2\/types\/page"}],"author":[{"embeddable":true,"href":"https:\/\/intenselypersonal.com\/index.php\/wp-json\/wp\/v2\/users\/2"}],"replies":[{"embeddable":true,"href":"https:\/\/intenselypersonal.com\/index.php\/wp-json\/wp\/v2\/comments?post=2"}],"version-history":[{"count":4,"href":"https:\/\/intenselypersonal.com\/index.php\/wp-json\/wp\/v2\/pages\/2\/revisions"}],"predecessor-version":[{"id":5037,"href":"https:\/\/intenselypersonal.com\/index.php\/wp-json\/wp\/v2\/pages\/2\/revisions\/5037"}],"wp:featuredmedia":[{"embeddable":true,"href":"https:\/\/intenselypersonal.com\/index.php\/wp-json\/wp\/v2\/media\/2596"}],"wp:attachment":[{"href":"https:\/\/intenselypersonal.com\/index.php\/wp-json\/wp\/v2\/media?parent=2"}],"curies":[{"name":"wp","href":"https:\/\/api.w.org\/{rel}","templated":true}]}}